{"id":11202,"date":"2022-12-12T00:03:43","date_gmt":"2022-12-12T00:03:43","guid":{"rendered":"https:\/\/summitinterconnect.ca\/visites\/"},"modified":"2025-03-10T23:59:53","modified_gmt":"2025-03-10T23:59:53","slug":"tours","status":"publish","type":"page","link":"https:\/\/summitinterconnect.ca\/fr\/tours\/","title":{"rendered":"Visites"},"content":{"rendered":"\n<section class=\"banner-stats\">\n    <div class=\"banner-stats__inner block-width\">\n        <div class=\"banner-stats__img-wrap\" data-aos=\"animated\">\n                        <img decoding=\"async\" loading=\"lazy\" class=\"img-cover\" src=\"https:\/\/summitinterconnect.com\/wp-content\/uploads\/2022\/11\/how-it-works-574x687.jpg\" alt=\"\">\n                    <\/div>\n        <div class=\"banner-stats__content col-start\">\n            <h1 class=\"banner-stats__title page-title\">\n                Visites virtuelles ou en personne            <\/h1>\n                            <p class=\"banner-stats__description page-description\">Planifiez une visite personnelle de l\u2019une de nos installations de fabrication de PCB.  <br><br>\nRejoignez-nous virtuellement ou en personne. Chaque visite est personnalis\u00e9e en fonction de vos besoins et de vos int\u00e9r\u00eats. <br><br>\nNous sommes impatients de vous montrer en d\u00e9tail comment nous offrons la qualit\u00e9, la fiabilit\u00e9 et la rapidit\u00e9 dont nos clients PCB ont besoin chaque jour.<\/p>\n                                <\/div>\n    <\/div>\n    <div class=\"banner-stats__items block-width\">\n            <\/div>\n    <img decoding=\"async\" loading=\"lazy\" class=\"banner-stats__bg\" src=\"https:\/\/summitinterconnect.ca\/wp-content\/themes\/summit\/assets\/images\/banner-stats-bg.webp\" alt=\"\">\n<\/section>\n\n\r\n<section class=\"text-form\" data-aos=\"animated\">\r\n    <div class=\"text-form__inner block-width\">\r\n        <div class=\"text-form__content\">\r\n                            <h2 class=\"text-form__title block-title block-title--inv\" data-aos=\"animated\">Venez nous rendre visite!<\/h2>\r\n                                        <p class=\"text-form__description body-font--inv\" data-aos=\"fade-up\" data-aos-delay=\"250\">Remplissez ce court formulaire. Une personne de Summit vous contactera bient\u00f4t pour finaliser les d\u00e9tails de votre visite. <\/p>\r\n                        <ul class=\"text-form__items\">\r\n                            <\/ul>\r\n            <svg class=\"text-form__bg\" viewBox=\"0 0 570 40\" fill=\"none\" xmlns=\"http:\/\/www.w3.org\/2000\/svg\">\r\n                <path opacity=\"0.25\" d=\"M558.797 17.6962C556.887 17.6962 555.105 18.2054 553.45 19.0966L543.774 8.91176C543.138 8.2752 542.374 8.0206 541.61 8.0206H21.6428C20.3697 3.43742 16.0412 0 11.0761 0C4.96514 0 0 4.96514 0 11.0761C0 17.187 4.96514 22.1521 11.0761 22.1521C16.0412 22.1521 20.3697 18.7147 21.6428 14.1315H540.337L549.248 23.4252C548.357 24.9529 547.848 26.8626 547.848 28.7722C547.848 34.8832 552.813 39.8483 558.924 39.8483C565.035 39.8483 570 34.8832 570 28.7722C570 22.6613 564.908 17.6962 558.797 17.6962ZM11.0761 15.7865C8.40253 15.7865 6.11094 13.6223 6.11094 10.8214C6.11094 8.02058 8.27522 5.8563 11.0761 5.8563C13.7496 5.8563 16.0412 8.02058 16.0412 10.8214C16.0412 13.6223 13.7496 15.7865 11.0761 15.7865ZM558.797 33.61C556.123 33.61 553.832 31.4458 553.832 28.6449C553.832 25.9714 555.996 23.6798 558.797 23.6798C561.47 23.6798 563.762 25.8441 563.762 28.6449C563.762 31.3185 561.597 33.61 558.797 33.61Z\" fill=\"#787878\"\/>\r\n            <\/svg>\r\n            <div class=\"text-form__cols\">\r\n                            <\/div>\r\n        <\/div>\r\n        <div class=\"text-form__form\" data-aos=\"fade-up\" data-aos-delay=\"350\">\r\n                            <h3 class=\"text-form__form-title\">Planifier une visite<\/h3>\r\n                                    <div class=\"text-form__form-inner\">\r\n                <script charset=\"utf-8\" type=\"text\/javascript\" src=\"\/\/js.hsforms.net\/forms\/embed\/v2.js\"><\/script> <script>   hbspt.forms.create({     region: \"na1\",     portalId: \"3932677\",     formId: \"dc094ade-d82d-4a78-8d1e-769686a3b810\"   }); <\/script>            <\/div>\r\n        <\/div>\r\n    <\/div>\r\n<\/section>","protected":false},"excerpt":{"rendered":"","protected":false},"author":3,"featured_media":0,"parent":0,"menu_order":0,"comment_status":"closed","ping_status":"closed","template":"","meta":{"_acf_changed":false,"content-type":"","footnotes":""},"class_list":["post-11202","page","type-page","status-publish","hentry"],"acf":[],"yoast_head":"<!-- This site is optimized with the Yoast SEO plugin v27.2 - https:\/\/yoast.com\/product\/yoast-seo-wordpress\/ -->\n<title>Visites - Summit Interconnect CA<\/title>\n<meta name=\"description\" content=\"Summit Interconnect, une soci\u00e9t\u00e9 de fabrication de circuits imprim\u00e9s, invite les visiteurs \u00e0 assister \u00e0 une visite de ses installations de fabrication de circuits imprim\u00e9s \u00e0 tournage rapide et de prototypage.\" \/>\n<meta name=\"robots\" content=\"index, follow, max-snippet:-1, max-image-preview:large, max-video-preview:-1\" \/>\n<link rel=\"canonical\" href=\"https:\/\/summitinterconnect.ca\/fr\/tours\/\" \/>\n<meta property=\"og:locale\" content=\"fr_FR\" \/>\n<meta property=\"og:type\" content=\"article\" \/>\n<meta property=\"og:title\" content=\"Visites - Summit Interconnect CA\" \/>\n<meta property=\"og:description\" content=\"Summit Interconnect, une soci\u00e9t\u00e9 de fabrication de circuits imprim\u00e9s, invite les visiteurs \u00e0 assister \u00e0 une visite de ses installations de fabrication de circuits imprim\u00e9s \u00e0 tournage rapide et de prototypage.\" \/>\n<meta property=\"og:url\" content=\"https:\/\/summitinterconnect.ca\/fr\/tours\/\" \/>\n<meta property=\"og:site_name\" content=\"Summit Interconnect CA\" \/>\n<meta property=\"article:modified_time\" content=\"2025-03-10T23:59:53+00:00\" \/>\n<meta name=\"twitter:card\" content=\"summary_large_image\" \/>\n<script type=\"application\/ld+json\" class=\"yoast-schema-graph\">{\"@context\":\"https:\/\/schema.org\",\"@graph\":[{\"@type\":\"WebPage\",\"@id\":\"https:\/\/summitinterconnect.ca\/fr\/tours\/\",\"url\":\"https:\/\/summitinterconnect.ca\/fr\/tours\/\",\"name\":\"Visites - Summit Interconnect CA\",\"isPartOf\":{\"@id\":\"https:\/\/summitinterconnect.ca\/fr\/#website\"},\"datePublished\":\"2022-12-12T00:03:43+00:00\",\"dateModified\":\"2025-03-10T23:59:53+00:00\",\"description\":\"Summit Interconnect, une soci\u00e9t\u00e9 de fabrication de circuits imprim\u00e9s, invite les visiteurs \u00e0 assister \u00e0 une visite de ses installations de fabrication de circuits imprim\u00e9s \u00e0 tournage rapide et de prototypage.\",\"breadcrumb\":{\"@id\":\"https:\/\/summitinterconnect.ca\/fr\/tours\/#breadcrumb\"},\"inLanguage\":\"fr-FR\",\"potentialAction\":[{\"@type\":\"ReadAction\",\"target\":[\"https:\/\/summitinterconnect.ca\/fr\/tours\/\"]}]},{\"@type\":\"BreadcrumbList\",\"@id\":\"https:\/\/summitinterconnect.ca\/fr\/tours\/#breadcrumb\",\"itemListElement\":[{\"@type\":\"ListItem\",\"position\":1,\"name\":\"Home\",\"item\":\"https:\/\/summitinterconnect.ca\/fr\/\"},{\"@type\":\"ListItem\",\"position\":2,\"name\":\"Visites\"}]},{\"@type\":\"WebSite\",\"@id\":\"https:\/\/summitinterconnect.ca\/fr\/#website\",\"url\":\"https:\/\/summitinterconnect.ca\/fr\/\",\"name\":\"Summit Interconnect CA\",\"description\":\"\",\"potentialAction\":[{\"@type\":\"SearchAction\",\"target\":{\"@type\":\"EntryPoint\",\"urlTemplate\":\"https:\/\/summitinterconnect.ca\/fr\/?s={search_term_string}\"},\"query-input\":{\"@type\":\"PropertyValueSpecification\",\"valueRequired\":true,\"valueName\":\"search_term_string\"}}],\"inLanguage\":\"fr-FR\"}]}<\/script>\n<!-- \/ Yoast SEO plugin. -->","yoast_head_json":{"title":"Visites - Summit Interconnect CA","description":"Summit Interconnect, une soci\u00e9t\u00e9 de fabrication de circuits imprim\u00e9s, invite les visiteurs \u00e0 assister \u00e0 une visite de ses installations de fabrication de circuits imprim\u00e9s \u00e0 tournage rapide et de prototypage.","robots":{"index":"index","follow":"follow","max-snippet":"max-snippet:-1","max-image-preview":"max-image-preview:large","max-video-preview":"max-video-preview:-1"},"canonical":"https:\/\/summitinterconnect.ca\/fr\/tours\/","og_locale":"fr_FR","og_type":"article","og_title":"Visites - Summit Interconnect CA","og_description":"Summit Interconnect, une soci\u00e9t\u00e9 de fabrication de circuits imprim\u00e9s, invite les visiteurs \u00e0 assister \u00e0 une visite de ses installations de fabrication de circuits imprim\u00e9s \u00e0 tournage rapide et de prototypage.","og_url":"https:\/\/summitinterconnect.ca\/fr\/tours\/","og_site_name":"Summit Interconnect CA","article_modified_time":"2025-03-10T23:59:53+00:00","twitter_card":"summary_large_image","schema":{"@context":"https:\/\/schema.org","@graph":[{"@type":"WebPage","@id":"https:\/\/summitinterconnect.ca\/fr\/tours\/","url":"https:\/\/summitinterconnect.ca\/fr\/tours\/","name":"Visites - Summit Interconnect CA","isPartOf":{"@id":"https:\/\/summitinterconnect.ca\/fr\/#website"},"datePublished":"2022-12-12T00:03:43+00:00","dateModified":"2025-03-10T23:59:53+00:00","description":"Summit Interconnect, une soci\u00e9t\u00e9 de fabrication de circuits imprim\u00e9s, invite les visiteurs \u00e0 assister \u00e0 une visite de ses installations de fabrication de circuits imprim\u00e9s \u00e0 tournage rapide et de prototypage.","breadcrumb":{"@id":"https:\/\/summitinterconnect.ca\/fr\/tours\/#breadcrumb"},"inLanguage":"fr-FR","potentialAction":[{"@type":"ReadAction","target":["https:\/\/summitinterconnect.ca\/fr\/tours\/"]}]},{"@type":"BreadcrumbList","@id":"https:\/\/summitinterconnect.ca\/fr\/tours\/#breadcrumb","itemListElement":[{"@type":"ListItem","position":1,"name":"Home","item":"https:\/\/summitinterconnect.ca\/fr\/"},{"@type":"ListItem","position":2,"name":"Visites"}]},{"@type":"WebSite","@id":"https:\/\/summitinterconnect.ca\/fr\/#website","url":"https:\/\/summitinterconnect.ca\/fr\/","name":"Summit Interconnect CA","description":"","potentialAction":[{"@type":"SearchAction","target":{"@type":"EntryPoint","urlTemplate":"https:\/\/summitinterconnect.ca\/fr\/?s={search_term_string}"},"query-input":{"@type":"PropertyValueSpecification","valueRequired":true,"valueName":"search_term_string"}}],"inLanguage":"fr-FR"}]}},"_links":{"self":[{"href":"https:\/\/summitinterconnect.ca\/fr\/wp-json\/wp\/v2\/pages\/11202","targetHints":{"allow":["GET"]}}],"collection":[{"href":"https:\/\/summitinterconnect.ca\/fr\/wp-json\/wp\/v2\/pages"}],"about":[{"href":"https:\/\/summitinterconnect.ca\/fr\/wp-json\/wp\/v2\/types\/page"}],"author":[{"embeddable":true,"href":"https:\/\/summitinterconnect.ca\/fr\/wp-json\/wp\/v2\/users\/3"}],"replies":[{"embeddable":true,"href":"https:\/\/summitinterconnect.ca\/fr\/wp-json\/wp\/v2\/comments?post=11202"}],"version-history":[{"count":1,"href":"https:\/\/summitinterconnect.ca\/fr\/wp-json\/wp\/v2\/pages\/11202\/revisions"}],"predecessor-version":[{"id":11204,"href":"https:\/\/summitinterconnect.ca\/fr\/wp-json\/wp\/v2\/pages\/11202\/revisions\/11204"}],"wp:attachment":[{"href":"https:\/\/summitinterconnect.ca\/fr\/wp-json\/wp\/v2\/media?parent=11202"}],"curies":[{"name":"wp","href":"https:\/\/api.w.org\/{rel}","templated":true}]}}